{"id":41,"date":"2017-11-09T13:46:34","date_gmt":"2017-11-09T13:46:34","guid":{"rendered":"http:\/\/www.cozynotes.cz\/?page_id=41"},"modified":"2025-03-05T10:12:24","modified_gmt":"2025-03-05T09:12:24","slug":"about","status":"publish","type":"page","link":"https:\/\/www.cozynotes.cz\/index.php\/about\/","title":{"rendered":"O notesu"},"content":{"rendered":"<p><strong>Koz\u00ed notes\u00a0<\/strong>je m\u00fdm webov\u00fdm z\u00e1pisn\u00edkem.<\/p>\n<p>R\u00e1d cestuju, poslouch\u00e1m muziku, trochu fot\u00edm. Sna\u017e\u00edm se koukat kolem sebe, dojmy zaznamen\u00e1vat a d\u011blit se o n\u011b.<\/p>\n<p>Ne\u010dekejte tu odborn\u00e9 cestopisy, kde se dozv\u00edte kolik co stoj\u00ed nebo kter\u00fdm autobusem se nejl\u00e9pe dostat z bodu A do bodu B.\u00a0 Stejn\u011b tak zklamu ty, kte\u0159\u00ed by tu hledali odborn\u00e9 recenze koncert\u016f pln\u00e9 slov jako je tektonika, andante, vibrato.<\/p>\n<p>Sna\u017e\u00edm se tu zprost\u0159edkovat n\u011bco jin\u00e9ho. Ne nadarmo \u0159\u00edk\u00e1m o spoust\u011b m\u00fdch text\u016f, \u017ee jsou dojmologiemi.\u00a0 Budu v\u0161ak r\u00e1d, pokud v\u00e1s n\u011bkdy p\u0159im\u011bj\u00ed k zamy\u0161len\u00ed, pokud v\u00e1s pobav\u00ed, pokud se kv\u016fli nim n\u011bkdy vyd\u00e1te na koncert, poslechnete si hudebn\u00ed album nebo dokonce vyraz\u00edte na cestu.<\/p>\n<p>Notes mi pom\u00e1h\u00e1 ut\u0159\u00eddit si my\u0161lenky, pocity, z\u00e1\u017eitky, ale je ur\u010den i v\u00e1m, \u010dten\u00e1\u0159\u016fm. Tak a\u0165 se v\u00e1m listov\u00e1n\u00ed v n\u011bm l\u00edb\u00ed!<\/p>\n<p>C\u00edlem tohoto notesu je inspirace.<\/p>\n<p>V\u00e1\u0161<\/p>\n<p><em>Zden\u011bk J. D. Kozl\u00ed\u010dek<\/em><\/p>\n","protected":false},"excerpt":{"rendered":"<p>Koz\u00ed notes\u00a0je m\u00fdm webov\u00fdm z\u00e1pisn\u00edkem. R\u00e1d cestuju, poslouch\u00e1m muziku, trochu fot\u00edm. Sna\u017e\u00edm se koukat kolem sebe, dojmy zaznamen\u00e1vat a d\u011blit se o n\u011b. Ne\u010dekejte tu odborn\u00e9 cestopisy, kde se dozv\u00edte kolik co stoj\u00ed nebo kter\u00fdm autobusem se nejl\u00e9pe dostat z bodu A do bodu B.\u00a0 Stejn\u011b tak zklamu ty, kte\u0159\u00ed by tu hledali odborn\u00e9 recenze &hellip; <\/p>\n<p class=\"link-more\"><a href=\"https:\/\/www.cozynotes.cz\/index.php\/about\/\" class=\"more-link\">Pokra\u010dovat ve \u010dten\u00ed<span class=\"screen-reader-text\"> &#8222;O notesu&#8220;<\/span><\/a><\/p>\n","protected":false},"author":1,"featured_media":0,"parent":0,"menu_order":0,"comment_status":"closed","ping_status":"closed","template":"","meta":{"footnotes":""},"_links":{"self":[{"href":"https:\/\/www.cozynotes.cz\/index.php\/wp-json\/wp\/v2\/pages\/41"}],"collection":[{"href":"https:\/\/www.cozynotes.cz\/index.php\/wp-json\/wp\/v2\/pages"}],"about":[{"href":"https:\/\/www.cozynotes.cz\/index.php\/wp-json\/wp\/v2\/types\/page"}],"author":[{"embeddable":true,"href":"https:\/\/www.cozynotes.cz\/index.php\/wp-json\/wp\/v2\/users\/1"}],"replies":[{"embeddable":true,"href":"https:\/\/www.cozynotes.cz\/index.php\/wp-json\/wp\/v2\/comments?post=41"}],"version-history":[{"count":8,"href":"https:\/\/www.cozynotes.cz\/index.php\/wp-json\/wp\/v2\/pages\/41\/revisions"}],"predecessor-version":[{"id":4541,"href":"https:\/\/www.cozynotes.cz\/index.php\/wp-json\/wp\/v2\/pages\/41\/revisions\/4541"}],"wp:attachment":[{"href":"https:\/\/www.cozynotes.cz\/index.php\/wp-json\/wp\/v2\/media?parent=41"}],"curies":[{"name":"wp","href":"https:\/\/api.w.org\/{rel}","templated":true}]}}